{"id":41110,"date":"2022-08-08T13:54:07","date_gmt":"2022-08-08T11:54:07","guid":{"rendered":"https:\/\/pre.efe.com\/?page_id=41110"},"modified":"2022-09-19T14:32:31","modified_gmt":"2022-09-19T12:32:31","slug":"para-empresas","status":"publish","type":"page","link":"https:\/\/pre.efe.com\/pt-br\/para-empresas\/","title":{"rendered":"Para empresas"},"content":{"rendered":"\t\t<div data-elementor-type=\"wp-page\" data-elementor-id=\"41110\" class=\"elementor elementor-41110\" data-elementor-post-type=\"page\">\n\t\t\t\t\t\t<section class=\"elementor-section elementor-top-section elementor-element elementor-element-519e2a59 elementor-section-stretched elementor-hidden-desktop elementor-hidden-tablet elementor-hidden-mobile elementor-section-boxed elementor-section-height-default elementor-section-height-default\" data-id=\"519e2a59\" data-element_type=\"section\" data-e-type=\"section\" data-settings=\"{&quot;stretch_section&quot;:&quot;section-stretched&quot;,&quot;background_background&quot;:&quot;classic&quot;}\">\n\t\t\t\t\t\t<div class=\"elementor-container elementor-column-gap-default\">\n\t\t\t\t\t<div class=\"elementor-column elementor-col-100 elementor-top-column elementor-element elementor-element-684b6084\" data-id=\"684b6084\" data-element_type=\"column\" data-e-type=\"column\">\n\t\t\t<div class=\"elementor-widget-wrap elementor-element-populated\">\n\t\t\t\t\t\t<div class=\"elementor-element elementor-element-4f4b33f6 elementor-widget elementor-widget-heading\" data-id=\"4f4b33f6\" data-element_type=\"widget\" data-e-type=\"widget\" data-widget_type=\"heading.default\">\n\t\t\t\t<div class=\"elementor-widget-container\">\n\t\t\t\t\t<h1 class=\"elementor-heading-title elementor-size-default\">Contenidos de actualidad<\/h1>\t\t\t\t<\/div>\n\t\t\t\t<\/div>\n\t\t\t\t\t<\/div>\n\t\t<\/div>\n\t\t\t\t\t<\/div>\n\t\t<\/section>\n\t\t\t\t<section class=\"elementor-section elementor-top-section elementor-element elementor-element-69a5ef5d elementor-section-full_width elementor-section-stretched elementor-section-height-default elementor-section-height-default\" data-id=\"69a5ef5d\" data-element_type=\"section\" data-e-type=\"section\" data-settings=\"{&quot;stretch_section&quot;:&quot;section-stretched&quot;}\">\n\t\t\t\t\t\t<div class=\"elementor-container elementor-column-gap-default\">\n\t\t\t\t\t<div class=\"elementor-column elementor-col-100 elementor-top-column elementor-element elementor-element-36d27a03 parallax-parent\" data-id=\"36d27a03\" data-element_type=\"column\" data-e-type=\"column\" data-settings=\"{&quot;background_background&quot;:&quot;classic&quot;}\">\n\t\t\t<div class=\"elementor-widget-wrap elementor-element-populated\">\n\t\t\t\t\t\t<div class=\"elementor-element elementor-element-5026fbc7 image-parallax elementor-widget elementor-widget-image\" data-id=\"5026fbc7\" data-element_type=\"widget\" data-e-type=\"widget\" data-widget_type=\"image.default\">\n\t\t\t\t<div class=\"elementor-widget-container\">\n\t\t\t\t\t\t\t\t\t\t\t\t\t\t\t<img fetchpriority=\"high\" decoding=\"async\" width=\"1920\" height=\"1080\" src=\"https:\/\/pre.efe.com\/wp-content\/uploads\/2021\/12\/catalogos.jpg\" class=\"attachment-full size-full wp-image-12357\" alt=\"\" srcset=\"https:\/\/pre.efe.com\/wp-content\/uploads\/2021\/12\/catalogos.jpg 1920w, https:\/\/pre.efe.com\/wp-content\/uploads\/2021\/12\/catalogos-300x169.jpg 300w, https:\/\/pre.efe.com\/wp-content\/uploads\/2021\/12\/catalogos-1024x576.jpg 1024w, https:\/\/pre.efe.com\/wp-content\/uploads\/2021\/12\/catalogos-768x432.jpg 768w, https:\/\/pre.efe.com\/wp-content\/uploads\/2021\/12\/catalogos-964x542.jpg 964w, https:\/\/pre.efe.com\/wp-content\/uploads\/2021\/12\/catalogos-1536x864.jpg 1536w, https:\/\/pre.efe.com\/wp-content\/uploads\/2021\/12\/catalogos-430x242.jpg 430w, https:\/\/pre.efe.com\/wp-content\/uploads\/2021\/12\/catalogos-1200x675.jpg 1200w\" sizes=\"(max-width: 1920px) 100vw, 1920px\" \/>\t\t\t\t\t\t\t\t\t\t\t\t\t\t\t<\/div>\n\t\t\t\t<\/div>\n\t\t\t\t\t<\/div>\n\t\t<\/div>\n\t\t\t\t\t<\/div>\n\t\t<\/section>\n\t\t\t\t<section class=\"elementor-section elementor-top-section elementor-element elementor-element-717ffa19 elementor-section-stretched elementor-section-full_width elementor-section-height-default elementor-section-height-default\" data-id=\"717ffa19\" data-element_type=\"section\" data-e-type=\"section\" data-settings=\"{&quot;stretch_section&quot;:&quot;section-stretched&quot;,&quot;background_background&quot;:&quot;classic&quot;}\">\n\t\t\t\t\t\t<div class=\"elementor-container elementor-column-gap-default\">\n\t\t\t\t\t<div class=\"elementor-column elementor-col-100 elementor-top-column elementor-element elementor-element-67a2a032\" data-id=\"67a2a032\" data-element_type=\"column\" data-e-type=\"column\">\n\t\t\t<div class=\"elementor-widget-wrap elementor-element-populated\">\n\t\t\t\t\t\t<section class=\"elementor-section elementor-inner-section elementor-element elementor-element-25da49da content-section content-order elementor-section-boxed elementor-section-height-default elementor-section-height-default\" data-id=\"25da49da\" data-element_type=\"section\" data-e-type=\"section\" data-settings=\"{&quot;background_background&quot;:&quot;classic&quot;}\">\n\t\t\t\t\t\t<div class=\"elementor-container elementor-column-gap-default\">\n\t\t\t\t\t<div class=\"elementor-column elementor-col-50 elementor-inner-column elementor-element elementor-element-1a0b2acf content-image elementor-invisible\" data-id=\"1a0b2acf\" data-element_type=\"column\" data-e-type=\"column\" data-settings=\"{&quot;background_background&quot;:&quot;classic&quot;,&quot;animation&quot;:&quot;pulse&quot;}\">\n\t\t\t<div class=\"elementor-widget-wrap elementor-element-populated\">\n\t\t\t\t\t\t<div class=\"elementor-element elementor-element-193f6674 elementor-widget elementor-widget-spacer\" data-id=\"193f6674\" data-element_type=\"widget\" data-e-type=\"widget\" data-widget_type=\"spacer.default\">\n\t\t\t\t<div class=\"elementor-widget-container\">\n\t\t\t\t\t\t\t<div class=\"elementor-spacer\">\n\t\t\t<div class=\"elementor-spacer-inner\"><\/div>\n\t\t<\/div>\n\t\t\t\t\t\t<\/div>\n\t\t\t\t<\/div>\n\t\t\t\t\t<\/div>\n\t\t<\/div>\n\t\t\t\t<div class=\"elementor-column elementor-col-50 elementor-inner-column elementor-element elementor-element-60dd11ca content-text elementor-invisible\" data-id=\"60dd11ca\" data-element_type=\"column\" data-e-type=\"column\" data-settings=\"{&quot;animation&quot;:&quot;fadeInRight&quot;}\">\n\t\t\t<div class=\"elementor-widget-wrap elementor-element-populated\">\n\t\t\t\t\t\t<div class=\"elementor-element elementor-element-779b3c83 elementor-widget elementor-widget-heading\" data-id=\"779b3c83\" data-element_type=\"widget\" data-e-type=\"widget\" data-widget_type=\"heading.default\">\n\t\t\t\t<div class=\"elementor-widget-container\">\n\t\t\t\t\t<h2 class=\"elementor-heading-title elementor-size-default\">Para empresas<\/h2>\t\t\t\t<\/div>\n\t\t\t\t<\/div>\n\t\t\t\t<div class=\"elementor-element elementor-element-27520c7a elementor-widget elementor-widget-text-editor\" data-id=\"27520c7a\" data-element_type=\"widget\" data-e-type=\"widget\" data-widget_type=\"text-editor.default\">\n\t\t\t\t<div class=\"elementor-widget-container\">\n\t\t\t\t\t\t\t\t\t<p>A EFE gera um grande volume de informa\u00e7\u00f5es diariamente, tanto nacionais como internacionais.<\/p><p>A fim de oferecer um servi\u00e7o mais personalizado a nossos clientes, segmentamos nosso conte\u00fado de not\u00edcias sob m\u00faltiplas perspectivas e crit\u00e9rios: por import\u00e2ncia, por assunto, por local&#8230; etc. E em cada um dos formatos de not\u00edcias: texto, foto, infogr\u00e1fico&#8230;<\/p><p>Nosso interesse \u00e9 atender \u00e0s necessidades espec\u00edficas de cada cliente, projetando o tipo de informa\u00e7\u00f5es que mais lhe interessa: desde as imediatas sobre sua pr\u00f3pria empresa ou concorrentes, at\u00e9 as mais relevantes sobre um t\u00f3pico ou personagem.\u00a0<\/p>\t\t\t\t\t\t\t\t<\/div>\n\t\t\t\t<\/div>\n\t\t\t\t<div class=\"elementor-element elementor-element-7558080b elementor-widget elementor-widget-button\" data-id=\"7558080b\" data-element_type=\"widget\" data-e-type=\"widget\" data-widget_type=\"button.default\">\n\t\t\t\t<div class=\"elementor-widget-container\">\n\t\t\t\t\t\t\t\t\t<div class=\"elementor-button-wrapper\">\n\t\t\t\t\t<a class=\"elementor-button elementor-button-link elementor-size-sm\" href=\"https:\/\/pre.efe.com\/pt-br\/conteudos-de-atualidades\/\" target=\"_blank\">\n\t\t\t\t\t\t<span class=\"elementor-button-content-wrapper\">\n\t\t\t\t\t\t\t\t\t<span class=\"elementor-button-text\">Ver produtos informativos da EFE<\/span>\n\t\t\t\t\t<\/span>\n\t\t\t\t\t<\/a>\n\t\t\t\t<\/div>\n\t\t\t\t\t\t\t\t<\/div>\n\t\t\t\t<\/div>\n\t\t\t\t\t<\/div>\n\t\t<\/div>\n\t\t\t\t\t<\/div>\n\t\t<\/section>\n\t\t\t\t\t<\/div>\n\t\t<\/div>\n\t\t\t\t\t<\/div>\n\t\t<\/section>\n\t\t\t\t<\/div>\n\t\t","protected":false},"excerpt":{"rendered":"<p>Contenidos de actualidad Para empresas A EFE gera um grande volume de informa\u00e7\u00f5es diariamente, tanto nacionais como internacionais. A fim de oferecer um servi\u00e7o mais personalizado a nossos clientes, segmentamos nosso conte\u00fado de not\u00edcias sob m\u00faltiplas perspectivas e crit\u00e9rios: por import\u00e2ncia, por assunto, por local&#8230; etc. E em cada um dos formatos de not\u00edcias: texto, &#8230; <a title=\"Para empresas\" class=\"read-more\" href=\"https:\/\/pre.efe.com\/pt-br\/para-empresas\/\" aria-label=\"Read more about Para empresas\">Leia mais<\/a><\/p>\n","protected":false},"author":198164071,"featured_media":0,"parent":0,"menu_order":0,"comment_status":"closed","ping_status":"closed","template":"","meta":{"_acf_changed":false,"footnotes":""},"class_list":["post-41110","page","type-page","status-publish"],"acf":[],"yoast_head":"<!-- This site is optimized with the Yoast SEO Premium plugin v26.0 (Yoast SEO v27.4) - https:\/\/yoast.com\/product\/yoast-seo-premium-wordpress\/ -->\n<title>Para empresas - EFE Noticias<\/title>\n<meta name=\"robots\" content=\"noindex, follow\" \/>\n<meta property=\"og:locale\" content=\"pt_BR\" \/>\n<meta property=\"og:type\" content=\"article\" \/>\n<meta property=\"og:title\" content=\"Para empresas\" \/>\n<meta property=\"og:description\" content=\"Contenidos de actualidad Para empresas A EFE gera um grande volume de informa\u00e7\u00f5es diariamente, tanto nacionais como internacionais. A fim de oferecer um servi\u00e7o mais personalizado a nossos clientes, segmentamos nosso conte\u00fado de not\u00edcias sob m\u00faltiplas perspectivas e crit\u00e9rios: por import\u00e2ncia, por assunto, por local&#8230; etc. E em cada um dos formatos de not\u00edcias: texto, ... Leia mais\" \/>\n<meta property=\"og:url\" content=\"https:\/\/pre.efe.com\/pt-br\/para-empresas\/\" \/>\n<meta property=\"og:site_name\" content=\"EFE Noticias\" \/>\n<meta property=\"article:publisher\" content=\"https:\/\/www.facebook.com\/AgenciaEFEnoticias\/\" \/>\n<meta property=\"article:modified_time\" content=\"2022-09-19T12:32:31+00:00\" \/>\n<meta property=\"og:image\" content=\"https:\/\/pre.efe.com\/wp-content\/uploads\/2021\/12\/catalogos.jpg\" \/>\n<meta name=\"twitter:card\" content=\"summary_large_image\" \/>\n<meta name=\"twitter:site\" content=\"@efenoticias\" \/>\n<script type=\"application\/ld+json\" class=\"yoast-schema-graph\">{\"@context\":\"https:\\\/\\\/schema.org\",\"@graph\":[{\"@type\":\"WebPage\",\"@id\":\"https:\\\/\\\/pre.efe.com\\\/pt-br\\\/para-empresas\\\/\",\"url\":\"https:\\\/\\\/pre.efe.com\\\/pt-br\\\/para-empresas\\\/\",\"name\":\"Para empresas - EFE Noticias\",\"isPartOf\":{\"@id\":\"https:\\\/\\\/pre.efe.com\\\/pt-br\\\/#website\"},\"primaryImageOfPage\":{\"@id\":\"https:\\\/\\\/pre.efe.com\\\/pt-br\\\/para-empresas\\\/#primaryimage\"},\"image\":{\"@id\":\"https:\\\/\\\/pre.efe.com\\\/pt-br\\\/para-empresas\\\/#primaryimage\"},\"thumbnailUrl\":\"https:\\\/\\\/pre.efe.com\\\/wp-content\\\/uploads\\\/2021\\\/12\\\/catalogos.jpg\",\"datePublished\":\"2022-08-08T11:54:07+00:00\",\"dateModified\":\"2022-09-19T12:32:31+00:00\",\"breadcrumb\":{\"@id\":\"https:\\\/\\\/pre.efe.com\\\/pt-br\\\/para-empresas\\\/#breadcrumb\"},\"inLanguage\":\"pt-BR\",\"potentialAction\":[{\"@type\":\"ReadAction\",\"target\":[\"https:\\\/\\\/pre.efe.com\\\/pt-br\\\/para-empresas\\\/\"]}]},{\"@type\":\"ImageObject\",\"inLanguage\":\"pt-BR\",\"@id\":\"https:\\\/\\\/pre.efe.com\\\/pt-br\\\/para-empresas\\\/#primaryimage\",\"url\":\"https:\\\/\\\/pre.efe.com\\\/wp-content\\\/uploads\\\/2021\\\/12\\\/catalogos.jpg\",\"contentUrl\":\"https:\\\/\\\/pre.efe.com\\\/wp-content\\\/uploads\\\/2021\\\/12\\\/catalogos.jpg\"},{\"@type\":\"BreadcrumbList\",\"@id\":\"https:\\\/\\\/pre.efe.com\\\/pt-br\\\/para-empresas\\\/#breadcrumb\",\"itemListElement\":[{\"@type\":\"ListItem\",\"position\":1,\"name\":\"Portada\",\"item\":\"https:\\\/\\\/pre.efe.com\\\/pt-br\\\/\"},{\"@type\":\"ListItem\",\"position\":2,\"name\":\"Para empresas\"}]},{\"@type\":\"WebSite\",\"@id\":\"https:\\\/\\\/pre.efe.com\\\/pt-br\\\/#website\",\"url\":\"https:\\\/\\\/pre.efe.com\\\/pt-br\\\/\",\"name\":\"EFE Noticias\",\"description\":\"\",\"publisher\":{\"@id\":\"https:\\\/\\\/pre.efe.com\\\/pt-br\\\/#organization\"},\"potentialAction\":[{\"@type\":\"SearchAction\",\"target\":{\"@type\":\"EntryPoint\",\"urlTemplate\":\"https:\\\/\\\/pre.efe.com\\\/pt-br\\\/?s={search_term_string}\"},\"query-input\":{\"@type\":\"PropertyValueSpecification\",\"valueRequired\":true,\"valueName\":\"search_term_string\"}}],\"inLanguage\":\"pt-BR\"},{\"@type\":\"Organization\",\"@id\":\"https:\\\/\\\/pre.efe.com\\\/pt-br\\\/#organization\",\"name\":\"Agencia EFE\",\"url\":\"https:\\\/\\\/pre.efe.com\\\/pt-br\\\/\",\"logo\":{\"@type\":\"ImageObject\",\"inLanguage\":\"pt-BR\",\"@id\":\"https:\\\/\\\/pre.efe.com\\\/pt-br\\\/#\\\/schema\\\/logo\\\/image\\\/\",\"url\":\"https:\\\/\\\/pre.efe.com\\\/wp-content\\\/uploads\\\/2023\\\/06\\\/logo-efe-467.png\",\"contentUrl\":\"https:\\\/\\\/pre.efe.com\\\/wp-content\\\/uploads\\\/2023\\\/06\\\/logo-efe-467.png\",\"width\":467,\"height\":467,\"caption\":\"Agencia EFE\"},\"image\":{\"@id\":\"https:\\\/\\\/pre.efe.com\\\/pt-br\\\/#\\\/schema\\\/logo\\\/image\\\/\"},\"sameAs\":[\"https:\\\/\\\/www.facebook.com\\\/AgenciaEFEnoticias\\\/\",\"https:\\\/\\\/x.com\\\/efenoticias\",\"https:\\\/\\\/www.instagram.com\\\/efe_noticias\\\/\",\"http:\\\/\\\/www.youtube.com\\\/efe\"]}]}<\/script>\n<!-- \/ Yoast SEO Premium plugin. -->","yoast_head_json":{"title":"Para empresas - EFE Noticias","robots":{"index":"noindex","follow":"follow"},"og_locale":"pt_BR","og_type":"article","og_title":"Para empresas","og_description":"Contenidos de actualidad Para empresas A EFE gera um grande volume de informa\u00e7\u00f5es diariamente, tanto nacionais como internacionais. A fim de oferecer um servi\u00e7o mais personalizado a nossos clientes, segmentamos nosso conte\u00fado de not\u00edcias sob m\u00faltiplas perspectivas e crit\u00e9rios: por import\u00e2ncia, por assunto, por local&#8230; etc. E em cada um dos formatos de not\u00edcias: texto, ... Leia mais","og_url":"https:\/\/pre.efe.com\/pt-br\/para-empresas\/","og_site_name":"EFE Noticias","article_publisher":"https:\/\/www.facebook.com\/AgenciaEFEnoticias\/","article_modified_time":"2022-09-19T12:32:31+00:00","og_image":[{"url":"https:\/\/pre.efe.com\/wp-content\/uploads\/2021\/12\/catalogos.jpg","type":"","width":"","height":""}],"twitter_card":"summary_large_image","twitter_site":"@efenoticias","schema":{"@context":"https:\/\/schema.org","@graph":[{"@type":"WebPage","@id":"https:\/\/pre.efe.com\/pt-br\/para-empresas\/","url":"https:\/\/pre.efe.com\/pt-br\/para-empresas\/","name":"Para empresas - EFE Noticias","isPartOf":{"@id":"https:\/\/pre.efe.com\/pt-br\/#website"},"primaryImageOfPage":{"@id":"https:\/\/pre.efe.com\/pt-br\/para-empresas\/#primaryimage"},"image":{"@id":"https:\/\/pre.efe.com\/pt-br\/para-empresas\/#primaryimage"},"thumbnailUrl":"https:\/\/pre.efe.com\/wp-content\/uploads\/2021\/12\/catalogos.jpg","datePublished":"2022-08-08T11:54:07+00:00","dateModified":"2022-09-19T12:32:31+00:00","breadcrumb":{"@id":"https:\/\/pre.efe.com\/pt-br\/para-empresas\/#breadcrumb"},"inLanguage":"pt-BR","potentialAction":[{"@type":"ReadAction","target":["https:\/\/pre.efe.com\/pt-br\/para-empresas\/"]}]},{"@type":"ImageObject","inLanguage":"pt-BR","@id":"https:\/\/pre.efe.com\/pt-br\/para-empresas\/#primaryimage","url":"https:\/\/pre.efe.com\/wp-content\/uploads\/2021\/12\/catalogos.jpg","contentUrl":"https:\/\/pre.efe.com\/wp-content\/uploads\/2021\/12\/catalogos.jpg"},{"@type":"BreadcrumbList","@id":"https:\/\/pre.efe.com\/pt-br\/para-empresas\/#breadcrumb","itemListElement":[{"@type":"ListItem","position":1,"name":"Portada","item":"https:\/\/pre.efe.com\/pt-br\/"},{"@type":"ListItem","position":2,"name":"Para empresas"}]},{"@type":"WebSite","@id":"https:\/\/pre.efe.com\/pt-br\/#website","url":"https:\/\/pre.efe.com\/pt-br\/","name":"EFE Noticias","description":"","publisher":{"@id":"https:\/\/pre.efe.com\/pt-br\/#organization"},"potentialAction":[{"@type":"SearchAction","target":{"@type":"EntryPoint","urlTemplate":"https:\/\/pre.efe.com\/pt-br\/?s={search_term_string}"},"query-input":{"@type":"PropertyValueSpecification","valueRequired":true,"valueName":"search_term_string"}}],"inLanguage":"pt-BR"},{"@type":"Organization","@id":"https:\/\/pre.efe.com\/pt-br\/#organization","name":"Agencia EFE","url":"https:\/\/pre.efe.com\/pt-br\/","logo":{"@type":"ImageObject","inLanguage":"pt-BR","@id":"https:\/\/pre.efe.com\/pt-br\/#\/schema\/logo\/image\/","url":"https:\/\/pre.efe.com\/wp-content\/uploads\/2023\/06\/logo-efe-467.png","contentUrl":"https:\/\/pre.efe.com\/wp-content\/uploads\/2023\/06\/logo-efe-467.png","width":467,"height":467,"caption":"Agencia EFE"},"image":{"@id":"https:\/\/pre.efe.com\/pt-br\/#\/schema\/logo\/image\/"},"sameAs":["https:\/\/www.facebook.com\/AgenciaEFEnoticias\/","https:\/\/x.com\/efenoticias","https:\/\/www.instagram.com\/efe_noticias\/","http:\/\/www.youtube.com\/efe"]}]}},"jetpack_shortlink":"https:\/\/wp.me\/PeJvHm-aH4","jetpack_sharing_enabled":true,"_links":{"self":[{"href":"https:\/\/pre.efe.com\/pt-br\/wp-json\/wp\/v2\/pages\/41110","targetHints":{"allow":["GET"]}}],"collection":[{"href":"https:\/\/pre.efe.com\/pt-br\/wp-json\/wp\/v2\/pages"}],"about":[{"href":"https:\/\/pre.efe.com\/pt-br\/wp-json\/wp\/v2\/types\/page"}],"author":[{"embeddable":true,"href":"https:\/\/pre.efe.com\/pt-br\/wp-json\/wp\/v2\/users\/198164071"}],"replies":[{"embeddable":true,"href":"https:\/\/pre.efe.com\/pt-br\/wp-json\/wp\/v2\/comments?post=41110"}],"version-history":[{"count":3,"href":"https:\/\/pre.efe.com\/pt-br\/wp-json\/wp\/v2\/pages\/41110\/revisions"}],"predecessor-version":[{"id":80410,"href":"https:\/\/pre.efe.com\/pt-br\/wp-json\/wp\/v2\/pages\/41110\/revisions\/80410"}],"wp:attachment":[{"href":"https:\/\/pre.efe.com\/pt-br\/wp-json\/wp\/v2\/media?parent=41110"}],"curies":[{"name":"wp","href":"https:\/\/api.w.org\/{rel}","templated":true}]}}